{"id":631,"date":"2018-05-15T13:50:56","date_gmt":"2018-05-15T13:50:56","guid":{"rendered":"https:\/\/themedemo.commercegurus.com\/shoptimizer\/?post_type=product&amp;p=631"},"modified":"2018-05-15T13:50:56","modified_gmt":"2018-05-15T13:50:56","slug":"patterned-wrap-dress","status":"publish","type":"product","link":"https:\/\/sklep.myitplaces.pl\/index.php\/product\/patterned-wrap-dress\/","title":{"rendered":"Patterned wrap dress"},"content":{"rendered":"\n<div class=\"wp-block-columns are-vertically-aligned-center is-layout-flex wp-container-core-columns-is-layout-28f84493 wp-block-columns-is-layout-flex\">\n<div class=\"wp-block-column is-vertically-aligned-center is-layout-flow wp-block-column-is-layout-flow\">\n<p class=\"title has-text-color\" style=\"color:#131315\"><\/p>\n\n\n\n<p class=\"has-text-align-left\" style=\"font-size:clamp(14px, 0.875rem + ((1vw - 3.2px) * 0.575), 19px);\">Klasyczna\u00a0<strong>marynarka<\/strong>\u00a0garniturowa sk\u0142ada si\u0119 z kilkuset cz\u0119\u015bci, w\u0142\u0105czaj\u0105c w to podszewk\u0119, wk\u0142ady, usztywnienia, elementy ozdobne itd. Na szcz\u0119\u015bcie dzi\u015b w zasi\u0119gu r\u0119ki dost\u0119pne s\u0105\u00a0<strong>marynarki<\/strong>\u00a0casualowe, kt\u00f3rych konstrukcja zosta\u0142a znacznie uproszczona, pozbawiona wszelkich usztywnie\u0144 i wype\u0142niaczy.<\/p>\n\n\n\n<h2 class=\"wp-block-heading\" style=\"font-size:clamp(22.544px, 1.409rem + ((1vw - 3.2px) * 1.662), 37px);\">\u015awietny materia\u0142- bawe\u0142na 100%<\/h2>\n<\/div>\n\n\n\n<div class=\"wp-block-column is-vertically-aligned-center is-layout-flow wp-block-column-is-layout-flow\" style=\"flex-basis:60%\">\n<figure class=\"wp-block-image size-large is-resized is-style-default\" style=\"margin-top:0;margin-right:var(--wp--preset--spacing--xxxx-large);margin-bottom:0;margin-left:var(--wp--preset--spacing--xxxx-large)\"><img fetchpriority=\"high\" decoding=\"async\" width=\"803\" height=\"1024\" src=\"http:\/\/sklep.myitplaces.pl\/wp-content\/uploads\/2018\/05\/2ad258cb00bb4f521eed8cde108eca22-803x1024.jpg\" alt=\"\" class=\"wp-image-7226\" style=\"aspect-ratio:0.784182678919521;width:565px;height:auto\" srcset=\"https:\/\/sklep.myitplaces.pl\/wp-content\/uploads\/2018\/05\/2ad258cb00bb4f521eed8cde108eca22-803x1024.jpg 803w, https:\/\/sklep.myitplaces.pl\/wp-content\/uploads\/2018\/05\/2ad258cb00bb4f521eed8cde108eca22-235x300.jpg 235w, https:\/\/sklep.myitplaces.pl\/wp-content\/uploads\/2018\/05\/2ad258cb00bb4f521eed8cde108eca22-768x980.jpg 768w, https:\/\/sklep.myitplaces.pl\/wp-content\/uploads\/2018\/05\/2ad258cb00bb4f521eed8cde108eca22-441x563.jpg 441w, https:\/\/sklep.myitplaces.pl\/wp-content\/uploads\/2018\/05\/2ad258cb00bb4f521eed8cde108eca22-300x383.jpg 300w, https:\/\/sklep.myitplaces.pl\/wp-content\/uploads\/2018\/05\/2ad258cb00bb4f521eed8cde108eca22-800x1021.jpg 800w, https:\/\/sklep.myitplaces.pl\/wp-content\/uploads\/2018\/05\/2ad258cb00bb4f521eed8cde108eca22-150x191.jpg 150w, https:\/\/sklep.myitplaces.pl\/wp-content\/uploads\/2018\/05\/2ad258cb00bb4f521eed8cde108eca22.jpg 870w\" sizes=\"(max-width: 803px) 100vw, 803px\" \/><\/figure>\n<\/div>\n<\/div>\n\n\n\n<div style=\"height:30px\" aria-hidden=\"true\" class=\"wp-block-spacer\"><\/div>\n\n\n\n<div class=\"wp-block-columns are-vertically-aligned-center is-layout-flex wp-container-core-columns-is-layout-28f84493 wp-block-columns-is-layout-flex\">\n<div class=\"wp-block-column is-layout-flow wp-block-column-is-layout-flow\">\n<h3 class=\"wp-block-heading\" style=\"font-size:clamp(18.959px, 1.185rem + ((1vw - 3.2px) * 1.269), 30px);\"><strong>Styl i wykonanie<\/strong><\/h3>\n\n\n\n<p style=\"font-size:clamp(14.642px, 0.915rem + ((1vw - 3.2px) * 0.846), 22px);\">Ka\u017cda marynarka wyr\u00f3\u017cnia si\u0119 starannym krojem, kt\u00f3ry podkre\u015bla sylwetk\u0119 i zapewnia swobod\u0119 ruch\u00f3w. Znajdziesz u nas zar\u00f3wno ponadczasowe modele o prostym kroju, jak i bardziej nowoczesne fasony \u2013 slim fit, regular fit oraz kroje lekkie i nieusztywniane, kt\u00f3re doskonale wpisuj\u0105 si\u0119 w smart casual.<\/p>\n\n\n\n<p style=\"font-size:clamp(14.642px, 0.915rem + ((1vw - 3.2px) * 0.846), 22px);\">Dba\u0142o\u015b\u0107 o detale widoczna jest w ka\u017cdym elemencie: eleganckie klapy, precyzyjne przeszycia, wysokiej jako\u015bci guziki oraz starannie dobrane podszewki nadaj\u0105 marynarkom wyj\u0105tkowego charakteru.<\/p>\n<\/div>\n\n\n\n<div class=\"wp-block-column is-layout-flow wp-block-column-is-layout-flow\">\n<figure class=\"wp-block-image aligncenter size-full is-resized\"><img decoding=\"async\" width=\"474\" height=\"711\" src=\"http:\/\/sklep.myitplaces.pl\/wp-content\/uploads\/2018\/05\/OIP.webp\" alt=\"\" class=\"wp-image-7228\" style=\"width:423px;height:auto\" srcset=\"https:\/\/sklep.myitplaces.pl\/wp-content\/uploads\/2018\/05\/OIP.webp 474w, https:\/\/sklep.myitplaces.pl\/wp-content\/uploads\/2018\/05\/OIP-200x300.webp 200w, https:\/\/sklep.myitplaces.pl\/wp-content\/uploads\/2018\/05\/OIP-441x662.webp 441w, https:\/\/sklep.myitplaces.pl\/wp-content\/uploads\/2018\/05\/OIP-300x450.webp 300w, https:\/\/sklep.myitplaces.pl\/wp-content\/uploads\/2018\/05\/OIP-150x225.webp 150w\" sizes=\"(max-width: 474px) 100vw, 474px\" \/><\/figure>\n<\/div>\n<\/div>\n\n\n\n<div style=\"height:30px\" aria-hidden=\"true\" class=\"wp-block-spacer\"><\/div>\n\n\n\n<div class=\"wp-block-columns are-vertically-aligned-center is-layout-flex wp-container-core-columns-is-layout-28f84493 wp-block-columns-is-layout-flex\">\n<div class=\"wp-block-column is-vertically-aligned-center is-layout-flow wp-block-column-is-layout-flow\">\n<p class=\"title has-text-color\" style=\"color:#131315\"><\/p>\n\n\n\n<h2 class=\"wp-block-heading alignfull has-text-align-center\"><\/h2>\n<\/div>\n\n\n\n<div class=\"wp-block-column is-vertically-aligned-center is-layout-flow wp-block-column-is-layout-flow\" style=\"flex-basis:60%\">\n<p><\/p>\n<\/div>\n<\/div>\n\n\n\n<div style=\"height:0px\" aria-hidden=\"true\" class=\"wp-block-spacer\"><\/div>\n\n\n\n<div class=\"wp-block-columns are-vertically-aligned-center is-layout-flex wp-container-core-columns-is-layout-28f84493 wp-block-columns-is-layout-flex\">\n<div class=\"wp-block-column is-vertically-aligned-center is-layout-flow wp-block-column-is-layout-flow\">\n<figure class=\"wp-block-image size-large is-resized\"><img decoding=\"async\" width=\"684\" height=\"1024\" src=\"http:\/\/sklep.myitplaces.pl\/wp-content\/uploads\/2018\/05\/0057200_150_a-684x1024.jpg\" alt=\"\" class=\"wp-image-7229\" style=\"width:488px;height:auto\" srcset=\"https:\/\/sklep.myitplaces.pl\/wp-content\/uploads\/2018\/05\/0057200_150_a-684x1024.jpg 684w, https:\/\/sklep.myitplaces.pl\/wp-content\/uploads\/2018\/05\/0057200_150_a-200x300.jpg 200w, https:\/\/sklep.myitplaces.pl\/wp-content\/uploads\/2018\/05\/0057200_150_a-768x1150.jpg 768w, https:\/\/sklep.myitplaces.pl\/wp-content\/uploads\/2018\/05\/0057200_150_a-441x660.jpg 441w, https:\/\/sklep.myitplaces.pl\/wp-content\/uploads\/2018\/05\/0057200_150_a-300x449.jpg 300w, https:\/\/sklep.myitplaces.pl\/wp-content\/uploads\/2018\/05\/0057200_150_a-150x225.jpg 150w, https:\/\/sklep.myitplaces.pl\/wp-content\/uploads\/2018\/05\/0057200_150_a.jpg 799w\" sizes=\"(max-width: 684px) 100vw, 684px\" \/><\/figure>\n\n\n\n<div style=\"height:30px\" aria-hidden=\"true\" class=\"wp-block-spacer\"><\/div>\n<\/div>\n\n\n\n<div class=\"wp-block-column is-vertically-aligned-center is-layout-flow wp-block-column-is-layout-flow\" style=\"flex-basis:40%\">\n<h2 class=\"wp-block-heading\">Dla ka\u017cdego stylu <\/h2>\n\n\n\n<p class=\"title has-text-color\" style=\"color:#131315\">W kolekcji znajdziesz marynarki g\u0142adkie, w subteln\u0105 krat\u0119, pr\u0105\u017cek, mikrowz\u00f3r oraz modne tkaniny strukturalne. Dzi\u0119ki szerokiemu wyborowi kolor\u00f3w \u2013 od klasycznej czerni i granatu po odcienie be\u017cu, br\u0105zu i szaro\u015bci \u2013 bez trudu dopasujesz marynark\u0119 do swojego stylu i okazji.<\/p>\n\n\n\n<p><\/p>\n<\/div>\n<\/div>\n\n\n\n<div class=\"wp-block-columns are-vertically-aligned-center is-layout-flex wp-container-core-columns-is-layout-28f84493 wp-block-columns-is-layout-flex\">\n<div class=\"wp-block-column is-vertically-aligned-center is-layout-flow wp-block-column-is-layout-flow\">\n<h2 class=\"wp-block-heading\"><\/h2>\n<\/div>\n\n\n\n<div class=\"wp-block-column is-vertically-aligned-center is-layout-flow wp-block-column-is-layout-flow\" style=\"flex-basis:60%\">\n<p><\/p>\n<\/div>\n<\/div>\n","protected":false},"excerpt":{"rendered":"<p>Hand crafted with seasonal style in mind, this is ideal for formal or casual wear whatever the occasion and is an ideal staple for any wardrobe.<\/p>\n","protected":false},"featured_media":7003,"comment_status":"open","ping_status":"closed","template":"","meta":{"_monsterinsights_skip_tracking":false,"_monsterinsights_sitenote_active":false,"_monsterinsights_sitenote_note":"","_monsterinsights_sitenote_category":0},"product_brand":[],"product_cat":[47],"product_tag":[34],"class_list":{"0":"post-631","1":"product","2":"type-product","3":"status-publish","4":"has-post-thumbnail","6":"product_cat-dresses","7":"product_tag-pattern","9":"first","10":"instock","11":"sale","12":"taxable","13":"shipping-taxable","14":"purchasable","15":"product-type-simple"},"aioseo_notices":[],"_links":{"self":[{"href":"https:\/\/sklep.myitplaces.pl\/index.php\/wp-json\/wp\/v2\/product\/631","targetHints":{"allow":["GET"]}}],"collection":[{"href":"https:\/\/sklep.myitplaces.pl\/index.php\/wp-json\/wp\/v2\/product"}],"about":[{"href":"https:\/\/sklep.myitplaces.pl\/index.php\/wp-json\/wp\/v2\/types\/product"}],"replies":[{"embeddable":true,"href":"https:\/\/sklep.myitplaces.pl\/index.php\/wp-json\/wp\/v2\/comments?post=631"}],"wp:featuredmedia":[{"embeddable":true,"href":"https:\/\/sklep.myitplaces.pl\/index.php\/wp-json\/wp\/v2\/media\/7003"}],"wp:attachment":[{"href":"https:\/\/sklep.myitplaces.pl\/index.php\/wp-json\/wp\/v2\/media?parent=631"}],"wp:term":[{"taxonomy":"product_brand","embeddable":true,"href":"https:\/\/sklep.myitplaces.pl\/index.php\/wp-json\/wp\/v2\/product_brand?post=631"},{"taxonomy":"product_cat","embeddable":true,"href":"https:\/\/sklep.myitplaces.pl\/index.php\/wp-json\/wp\/v2\/product_cat?post=631"},{"taxonomy":"product_tag","embeddable":true,"href":"https:\/\/sklep.myitplaces.pl\/index.php\/wp-json\/wp\/v2\/product_tag?post=631"}],"curies":[{"name":"wp","href":"https:\/\/api.w.org\/{rel}","templated":true}]}}